{"id":386,"date":"2019-04-11T23:16:47","date_gmt":"2019-04-11T21:16:47","guid":{"rendered":"https:\/\/translationgeek.de\/blog\/?page_id=386"},"modified":"2019-04-11T23:16:49","modified_gmt":"2019-04-11T21:16:49","slug":"kontaktformular","status":"publish","type":"page","link":"https:\/\/translationgeek.de\/blog\/kontaktformular\/","title":{"rendered":"Kontaktformular"},"content":{"rendered":"<div class=\"wpforms-container wpforms-container-full\" id=\"wpforms-385\"><form id=\"wpforms-form-385\" class=\"wpforms-validate wpforms-form\" data-formid=\"385\" method=\"post\" enctype=\"multipart\/form-data\" action=\"\/blog\/wp-json\/wp\/v2\/pages\/386\" data-token=\"20ea6d6f8309aa07d0328a2c1e20b0dc\" data-token-time=\"1777123419\"><noscript class=\"wpforms-error-noscript\">Please enable JavaScript in your browser to complete this form.<\/noscript><div class=\"wpforms-field-container\"><div id=\"wpforms-385-field_0-container\" class=\"wpforms-field wpforms-field-name\" data-field-id=\"0\"><label class=\"wpforms-field-label\" for=\"wpforms-385-field_0\">Ihr Name: <span class=\"wpforms-required-label\">*<\/span><\/label><input type=\"text\" id=\"wpforms-385-field_0\" class=\"wpforms-field-medium wpforms-field-required\" name=\"wpforms[fields][0]\" required><\/div><div id=\"wpforms-385-field_1-container\" class=\"wpforms-field wpforms-field-email\" data-field-id=\"1\"><label class=\"wpforms-field-label\" for=\"wpforms-385-field_1\">Ihre E-Mail-Adresse: <span class=\"wpforms-required-label\">*<\/span><\/label><input type=\"email\" id=\"wpforms-385-field_1\" class=\"wpforms-field-medium wpforms-field-required\" name=\"wpforms[fields][1]\" spellcheck=\"false\" required><\/div><div id=\"wpforms-385-field_2-container\" class=\"wpforms-field wpforms-field-textarea\" data-field-id=\"2\"><label class=\"wpforms-field-label\" for=\"wpforms-385-field_2\">Ihre Nachricht an mich: <span class=\"wpforms-required-label\">*<\/span><\/label><textarea id=\"wpforms-385-field_2\" class=\"wpforms-field-medium wpforms-field-required\" name=\"wpforms[fields][2]\" required><\/textarea><div class=\"wpforms-field-description\">Ich lese jeden Kommentar! Falls Sie mir Ihr Projekt anvertrauen wollen oder Sie einen f\u00fcr Sie unverbindlichen Kostenvoranschlag erhalten m\u00f6chten, sind f\u00fcr mich unter anderem die Projektart (Videospiel, Brettspiel, Buch etc.) interessant sowie die gew\u00fcnschten Dienste (\u00dcbersetzung, Korrekturlesen, Untertitlung\u00a0etc.), die Anzahl der W\u00f6rter und der Abgabetermin. Wenn Sie \u00dcbersetzer f\u00fcr anderen Sprachen ben\u00f6tigen, kann ich Ihnen auch gerne Kollegen empfehlen.<\/div><\/div><\/div><div class=\"wpforms-field wpforms-field-hp\"><label for=\"wpforms-385-field-hp\" class=\"wpforms-field-label\">Comment<\/label><input type=\"text\" name=\"wpforms[hp]\" id=\"wpforms-385-field-hp\" class=\"wpforms-field-medium\"><\/div><div class=\"wpforms-submit-container\" ><input type=\"hidden\" name=\"wpforms[id]\" value=\"385\"><input type=\"hidden\" name=\"page_title\" value=\"\"><input type=\"hidden\" name=\"page_url\" value=\"https:\/\/translationgeek.de\/blog\/wp-json\/wp\/v2\/pages\/386\"><button type=\"submit\" name=\"wpforms[submit]\" id=\"wpforms-submit-385\" class=\"wpforms-submit\" data-alt-text=\"Wird versendet...\" data-submit-text=\"Absenden\" aria-live=\"assertive\" value=\"wpforms-submit\">Absenden<\/button><\/div><\/form><\/div>  \n","protected":false},"excerpt":{"rendered":"","protected":false},"author":1,"featured_media":0,"parent":0,"menu_order":0,"comment_status":"closed","ping_status":"closed","template":"template-layout-full-width.php","meta":{"_uag_custom_page_level_css":"","footnotes":""},"class_list":["post-386","page","type-page","status-publish","hentry"],"blocksy_meta":{"styles_descriptor":{"styles":{"desktop":"","tablet":"","mobile":""},"google_fonts":[],"version":6}},"uagb_featured_image_src":{"full":false,"thumbnail":false,"medium":false,"medium_large":false,"large":false,"1536x1536":false,"2048x2048":false,"yarpp-thumbnail":false},"uagb_author_info":{"display_name":"Veronika","author_link":"https:\/\/translationgeek.de\/blog\/author\/veronika\/"},"uagb_comment_info":0,"uagb_excerpt":null,"_links":{"self":[{"href":"https:\/\/translationgeek.de\/blog\/wp-json\/wp\/v2\/pages\/386"}],"collection":[{"href":"https:\/\/translationgeek.de\/blog\/wp-json\/wp\/v2\/pages"}],"about":[{"href":"https:\/\/translationgeek.de\/blog\/wp-json\/wp\/v2\/types\/page"}],"author":[{"embeddable":true,"href":"https:\/\/translationgeek.de\/blog\/wp-json\/wp\/v2\/users\/1"}],"replies":[{"embeddable":true,"href":"https:\/\/translationgeek.de\/blog\/wp-json\/wp\/v2\/comments?post=386"}],"version-history":[{"count":1,"href":"https:\/\/translationgeek.de\/blog\/wp-json\/wp\/v2\/pages\/386\/revisions"}],"predecessor-version":[{"id":387,"href":"https:\/\/translationgeek.de\/blog\/wp-json\/wp\/v2\/pages\/386\/revisions\/387"}],"wp:attachment":[{"href":"https:\/\/translationgeek.de\/blog\/wp-json\/wp\/v2\/media?parent=386"}],"curies":[{"name":"wp","href":"https:\/\/api.w.org\/{rel}","templated":true}]}}